{"id":248,"date":"2026-03-24T15:13:26","date_gmt":"2026-03-24T14:13:26","guid":{"rendered":"https:\/\/heliopro.ch\/?page_id=248"},"modified":"2026-03-24T16:06:55","modified_gmt":"2026-03-24T15:06:55","slug":"imprint","status":"publish","type":"page","link":"https:\/\/heliopro.ch\/en\/impressum\/","title":{"rendered":"Imprint"},"content":{"rendered":"<style>.wp-block-kadence-advancedheading.kt-adv-heading248_6a5bba-5a, .wp-block-kadence-advancedheading.kt-adv-heading248_6a5bba-5a[data-kb-block=\"kb-adv-heading248_6a5bba-5a\"]{font-style:normal;}.wp-block-kadence-advancedheading.kt-adv-heading248_6a5bba-5a mark.kt-highlight, .wp-block-kadence-advancedheading.kt-adv-heading248_6a5bba-5a[data-kb-block=\"kb-adv-heading248_6a5bba-5a\"] mark.kt-highlight{font-style:normal;color:#f76a0c;-webkit-box-decoration-break:clone;box-decoration-break:clone;padding-top:0px;padding-right:0px;padding-bottom:0px;padding-left:0px;}.wp-block-kadence-advancedheading.kt-adv-heading248_6a5bba-5a img.kb-inline-image, .wp-block-kadence-advancedheading.kt-adv-heading248_6a5bba-5a[data-kb-block=\"kb-adv-heading248_6a5bba-5a\"] img.kb-inline-image{width:150px;vertical-align:baseline;}<\/style>\n<h2 class=\"kt-adv-heading248_6a5bba-5a wp-block-kadence-advancedheading has-theme-palette-12-color has-text-color\" data-kb-block=\"kb-adv-heading248_6a5bba-5a\">Impressum<\/h2>\n\n\n\n<h3 class=\"wp-block-heading\" style=\"margin-bottom:var(--wp--preset--spacing--60)\"><strong>Governance &amp; Eigentumsverh\u00e4ltnisse<\/strong><\/h3>\n\n\n\n<p class=\"has-theme-palette-3-color has-text-color has-link-color wp-elements-7e3539c2dafa4e1ae4a3ed1958efcb6b\">Heliopro AG ist eine <strong><mark style=\"background-color:rgba(0, 0, 0, 0)\" class=\"has-inline-color has-theme-palette-2-color\">100 %-Tochtergesellschaft von Solergy GmbH<\/mark><\/strong> und dient als dedizierte Asset-Gesellschaft f\u00fcr ausgew\u00e4hlte Solarprojekte.<\/p>\n\n\n\n<ul class=\"wp-block-list\">\n<li><strong>Aktion\u00e4r:<\/strong> Solergy GmbH<\/li>\n\n\n\n<li><strong>Sitz:<\/strong> Kornstrasse 14, 5436 W\u00fcrenlos (AG), Schweiz<\/li>\n\n\n\n<li><strong>Firmennummer.:<\/strong> CHE-353.944.220<\/li>\n\n\n\n<li><strong>MWST-Nr.:<\/strong> CHE-154.656.780 MWST<\/li>\n<\/ul>\n\n\n\n<p style=\"padding-top:0;padding-bottom:0\">Heliopro AG unterliegt dem Schweizer Obligationenrecht und wendet eine vorsichtige, transparente Rechnungslegung an, wie sie f\u00fcr langfristige Infrastrukturwerte angemessen ist.<\/p>\n","protected":false},"excerpt":{"rendered":"<p>Impressum Governance &amp; Eigentumsverh\u00e4ltnisse Heliopro AG ist eine 100 %-Tochtergesellschaft von Solergy GmbH und dient als dedizierte Asset-Gesellschaft f\u00fcr ausgew\u00e4hlte Solarprojekte. Heliopro AG unterliegt dem Schweizer Obligationenrecht und wendet eine vorsichtige, transparente Rechnungslegung an, wie sie f\u00fcr langfristige Infrastrukturwerte angemessen ist.<\/p>","protected":false},"author":2,"featured_media":0,"parent":0,"menu_order":0,"comment_status":"closed","ping_status":"closed","template":"","meta":{"_kb_optimizer_status":0,"_kad_post_transparent":"","_kad_post_title":"","_kad_post_layout":"","_kad_post_sidebar_id":"","_kad_post_content_style":"default","_kad_post_vertical_padding":"default","_kad_post_feature":"","_kad_post_feature_position":"","_kad_post_header":false,"_kad_post_footer":false,"_kad_post_classname":"","footnotes":""},"class_list":["post-248","page","type-page","status-publish","hentry"],"_links":{"self":[{"href":"https:\/\/heliopro.ch\/en\/wp-json\/wp\/v2\/pages\/248","targetHints":{"allow":["GET"]}}],"collection":[{"href":"https:\/\/heliopro.ch\/en\/wp-json\/wp\/v2\/pages"}],"about":[{"href":"https:\/\/heliopro.ch\/en\/wp-json\/wp\/v2\/types\/page"}],"author":[{"embeddable":true,"href":"https:\/\/heliopro.ch\/en\/wp-json\/wp\/v2\/users\/2"}],"replies":[{"embeddable":true,"href":"https:\/\/heliopro.ch\/en\/wp-json\/wp\/v2\/comments?post=248"}],"version-history":[{"count":4,"href":"https:\/\/heliopro.ch\/en\/wp-json\/wp\/v2\/pages\/248\/revisions"}],"predecessor-version":[{"id":259,"href":"https:\/\/heliopro.ch\/en\/wp-json\/wp\/v2\/pages\/248\/revisions\/259"}],"wp:attachment":[{"href":"https:\/\/heliopro.ch\/en\/wp-json\/wp\/v2\/media?parent=248"}],"curies":[{"name":"wp","href":"https:\/\/api.w.org\/{rel}","templated":true}]}}